{"id":112,"date":"2018-06-07T21:05:47","date_gmt":"2018-06-07T21:05:47","guid":{"rendered":"https:\/\/soltuin.com\/?page_id=112"},"modified":"2020-07-07T23:19:51","modified_gmt":"2020-07-08T04:19:51","slug":"blog","status":"publish","type":"page","link":"https:\/\/soltuin.com\/es\/blog\/","title":{"rendered":"Blog"},"content":{"rendered":"<p>[et_pb_section fb_built=&#8221;1&#8243; fullwidth=&#8221;on&#8221; _builder_version=&#8221;4.4.9&#8243;][et_pb_fullwidth_header title=&#8221;Respuestas a tus dudas de WordPress y tecnolog\u00eda Web&#8221; _builder_version=&#8221;4.4.9&#8243; background_image=&#8221;https:\/\/soltuin.com\/wp-content\/uploads\/2018\/10\/web-dev-05.png&#8221;]<\/p>\n<p>Recursos para aprender y resolver los problemas cotidianos al desarrollar sitios web con WordPress.<\/p>\n<p>[\/et_pb_fullwidth_header][\/et_pb_section][et_pb_section fb_built=&#8221;1&#8243; admin_label=&#8221;Blog&#8221; _builder_version=&#8221;3.22&#8243;][et_pb_row make_equal=&#8221;on&#8221; _builder_version=&#8221;3.25&#8243;][et_pb_column type=&#8221;4_4&#8243; _builder_version=&#8221;3.25&#8243; custom_padding=&#8221;|||&#8221; custom_padding__hover=&#8221;|||&#8221;][et_pb_text _builder_version=&#8221;4.4.7&#8243; text_font=&#8221;||||||||&#8221; header_font=&#8221;||||||||&#8221; header_2_font=&#8221;|600||on|||||&#8221; header_2_text_color=&#8221;#0054ff&#8221; header_2_font_size=&#8221;16px&#8221; header_2_letter_spacing=&#8221;3px&#8221; header_2_line_height=&#8221;1.8em&#8221; header_3_font=&#8221;||||||||&#8221; locked=&#8221;off&#8221;]<\/p>\n<h2>WordPress, Web y mucho m\u00e1s<\/h2>\n<p>[\/et_pb_text][et_pb_blog fullwidth=&#8221;off&#8221; posts_number=&#8221;6&#8243; include_categories=&#8221;all&#8221; excerpt_length=&#8221;120&#8243; show_more=&#8221;on&#8221; show_author=&#8221;off&#8221; show_date=&#8221;off&#8221; show_categories=&#8221;off&#8221; _builder_version=&#8221;4.4.8&#8243; header_font=&#8221;Lato|700|||||||&#8221; header_font_size=&#8221;16px&#8221; header_line_height=&#8221;1.8em&#8221; body_font=&#8221;||||||||&#8221; body_line_height=&#8221;2em&#8221; meta_font=&#8221;||||||||&#8221; meta_text_color=&#8221;rgba(0,0,0,0.4)&#8221; meta_font_size=&#8221;12px&#8221; pagination_font=&#8221;|600||on|||||&#8221; pagination_text_color=&#8221;#ff454e&#8221; pagination_font_size=&#8221;12px&#8221; pagination_letter_spacing=&#8221;2px&#8221; border_color_all=&#8221;rgba(0,0,0,0)&#8221; box_shadow_style=&#8221;preset1&#8243; box_shadow_blur=&#8221;80px&#8221; box_shadow_spread=&#8221;25px&#8221; box_shadow_color=&#8221;rgba(12,113,195,0.07)&#8221; locked=&#8221;off&#8221;][\/et_pb_blog][\/et_pb_column][\/et_pb_row][\/et_pb_section][et_pb_section fb_built=&#8221;1&#8243; admin_label=&#8221;seccion-suscripcion&#8221; _builder_version=&#8221;4.2.2&#8243; background_color=&#8221;#f5f6f9&#8243; background_image=&#8221;https:\/\/soltuin.com\/wp-content\/uploads\/2020\/02\/web-dev-24.png&#8221; parallax=&#8221;on&#8221; custom_margin=&#8221;|||&#8221; custom_padding=&#8221;6vw||6vw||true&#8221; saved_tabs=&#8221;all&#8221;][et_pb_row _builder_version=&#8221;3.25&#8243;][et_pb_column type=&#8221;4_4&#8243; _builder_version=&#8221;3.25&#8243; custom_padding=&#8221;|||&#8221; custom_padding__hover=&#8221;|||&#8221;][et_pb_text _builder_version=&#8221;4.2.2&#8243; text_font=&#8221;||||||||&#8221; text_line_height=&#8221;2em&#8221; header_font=&#8221;||||||||&#8221; header_3_font=&#8221;Lato|900|||||||&#8221; header_3_font_size=&#8221;35px&#8221; header_3_line_height=&#8221;1.5em&#8221; header_4_font=&#8221;Lato|700||on|||||&#8221; header_4_text_color=&#8221;rgba(12,12,12,0.27)&#8221; header_4_font_size=&#8221;13px&#8221; header_4_letter_spacing=&#8221;3px&#8221; header_4_line_height=&#8221;1.8em&#8221; text_orientation=&#8221;center&#8221; max_width=&#8221;700px&#8221; module_alignment=&#8221;center&#8221; header_3_font_size_tablet=&#8221;&#8221; header_3_font_size_phone=&#8221;25px&#8221; header_3_font_size_last_edited=&#8221;on|desktop&#8221; locked=&#8221;off&#8221;]<\/p>\n<h4>Subscr\u00edbete<\/h4>\n<h3>\u00danete al bolet\u00edn de noticias<\/h3>\n<p>[\/et_pb_text][et_pb_signup provider=&#8221;sendinblue&#8221; sendinblue_list=&#8221;5&#8243; layout=&#8221;top_bottom&#8221; name_field=&#8221;on&#8221; success_message=&#8221;\u00a1Gracias! \u00a1Ahora ser\u00e1s el primero en recibir noticias y tips sobre WordPress!&#8221; use_spam_service=&#8221;on&#8221; recaptcha_list=&#8221;soltuincom-0&#8243; _builder_version=&#8221;4.2.2&#8243; result_message_text_color=&#8221;#049ED9&#8243; form_field_font=&#8221;Open Sans||||||||&#8221; form_field_line_height=&#8221;2em&#8221; use_background_color=&#8221;off&#8221; custom_button=&#8221;on&#8221; button_text_size=&#8221;14px&#8221; button_text_color=&#8221;#ffffff&#8221; button_bg_color=&#8221;#0054ff&#8221; button_border_width=&#8221;14px&#8221; button_border_color=&#8221;rgba(0,0,0,0)&#8221; button_border_radius=&#8221;0px&#8221; button_letter_spacing=&#8221;2px&#8221; button_font=&#8221;|600||on|||||&#8221; button_icon=&#8221;%%24%%&#8221; button_on_hover=&#8221;off&#8221; text_orientation=&#8221;center&#8221; max_width=&#8221;700px&#8221; module_alignment=&#8221;center&#8221; hover_enabled=&#8221;0&#8243; border_radii_fields=&#8221;on|0px|0px|0px|0px&#8221; button_letter_spacing_hover=&#8221;2px&#8221; button_text_size__hover_enabled=&#8221;off&#8221; button_one_text_size__hover_enabled=&#8221;off&#8221; button_two_text_size__hover_enabled=&#8221;off&#8221; button_text_color__hover_enabled=&#8221;off&#8221; button_one_text_color__hover_enabled=&#8221;off&#8221; button_two_text_color__hover_enabled=&#8221;off&#8221; button_border_width__hover_enabled=&#8221;off&#8221; button_one_border_width__hover_enabled=&#8221;off&#8221; button_two_border_width__hover_enabled=&#8221;off&#8221; button_border_color__hover_enabled=&#8221;off&#8221; button_one_border_color__hover_enabled=&#8221;off&#8221; button_two_border_color__hover_enabled=&#8221;off&#8221; button_border_radius__hover_enabled=&#8221;off&#8221; button_one_border_radius__hover_enabled=&#8221;off&#8221; button_two_border_radius__hover_enabled=&#8221;off&#8221; button_letter_spacing__hover_enabled=&#8221;on&#8221; button_letter_spacing__hover=&#8221;2px&#8221; button_one_letter_spacing__hover_enabled=&#8221;off&#8221; button_two_letter_spacing__hover_enabled=&#8221;off&#8221; button_bg_color__hover_enabled=&#8221;off&#8221; button_one_bg_color__hover_enabled=&#8221;off&#8221; button_two_bg_color__hover_enabled=&#8221;off&#8221;][\/et_pb_signup][et_pb_social_media_follow _builder_version=&#8221;4.2.2&#8243; text_orientation=&#8221;center&#8221; filter_invert=&#8221;100%&#8221; locked=&#8221;off&#8221;][et_pb_social_media_follow_network social_network=&#8221;facebook&#8221; url=&#8221;https:\/\/www.facebook.com\/soltuin\/&#8221; _builder_version=&#8221;4.2.2&#8243; custom_margin=&#8221;6px|6px|6px|6px|true|true&#8221; custom_padding=&#8221;12px|12px|12px|12px|true|true&#8221; border_radii=&#8221;on|100px|100px|100px|100px&#8221; border_width_all=&#8221;3px&#8221; border_color_all=&#8221;rgba(255,255,255,0.12)&#8221; follow_button=&#8221;off&#8221; url_new_window=&#8221;on&#8221;]facebook[\/et_pb_social_media_follow_network][et_pb_social_media_follow_network social_network=&#8221;twitter&#8221; url=&#8221;https:\/\/twitter.com\/soltuin&#8221; _builder_version=&#8221;4.2.2&#8243; custom_margin=&#8221;6px|6px|6px|6px|true|true&#8221; custom_padding=&#8221;12px|12px|12px|12px|true|true&#8221; border_radii=&#8221;on|100px|100px|100px|100px&#8221; border_width_all=&#8221;3px&#8221; border_color_all=&#8221;rgba(255,255,255,0.12)&#8221; follow_button=&#8221;off&#8221; url_new_window=&#8221;on&#8221;]twitter[\/et_pb_social_media_follow_network][et_pb_social_media_follow_network social_network=&#8221;linkedin&#8221; url=&#8221;https:\/\/www.linkedin.com\/company\/soltuin\/&#8221; _builder_version=&#8221;4.2.2&#8243; custom_margin=&#8221;6px|6px|6px|6px|true|true&#8221; custom_padding=&#8221;12px|12px|12px|12px|true|true&#8221; border_radii=&#8221;on|100px|100px|100px|100px&#8221; border_width_all=&#8221;3px&#8221; border_color_all=&#8221;rgba(255,255,255,0.12)&#8221; follow_button=&#8221;off&#8221; url_new_window=&#8221;on&#8221;]linkedin[\/et_pb_social_media_follow_network][\/et_pb_social_media_follow][\/et_pb_column][\/et_pb_row][\/et_pb_section]<\/p>\n","protected":false},"excerpt":{"rendered":"<p>Recursos para aprender y resolver los problemas cotidianos al desarrollar sitios web con WordPress.WordPress, Web y mucho m\u00e1sSubscr\u00edbete \u00danete al bolet\u00edn de noticias<\/p>\n","protected":false},"author":2,"featured_media":0,"parent":0,"menu_order":0,"comment_status":"closed","ping_status":"closed","template":"","meta":{"_et_pb_use_builder":"on","_et_pb_old_content":"","_et_gb_content_width":"","footnotes":""},"class_list":["post-112","page","type-page","status-publish","hentry"],"_links":{"self":[{"href":"https:\/\/soltuin.com\/es\/wp-json\/wp\/v2\/pages\/112","targetHints":{"allow":["GET"]}}],"collection":[{"href":"https:\/\/soltuin.com\/es\/wp-json\/wp\/v2\/pages"}],"about":[{"href":"https:\/\/soltuin.com\/es\/wp-json\/wp\/v2\/types\/page"}],"author":[{"embeddable":true,"href":"https:\/\/soltuin.com\/es\/wp-json\/wp\/v2\/users\/2"}],"replies":[{"embeddable":true,"href":"https:\/\/soltuin.com\/es\/wp-json\/wp\/v2\/comments?post=112"}],"version-history":[{"count":0,"href":"https:\/\/soltuin.com\/es\/wp-json\/wp\/v2\/pages\/112\/revisions"}],"wp:attachment":[{"href":"https:\/\/soltuin.com\/es\/wp-json\/wp\/v2\/media?parent=112"}],"curies":[{"name":"wp","href":"https:\/\/api.w.org\/{rel}","templated":true}]}}