{"id":1401,"date":"2021-08-02T18:47:30","date_gmt":"2021-08-02T23:47:30","guid":{"rendered":"https:\/\/soltuin.com\/?page_id=1401"},"modified":"2021-08-02T18:48:36","modified_gmt":"2021-08-02T23:48:36","slug":"como-agregar-usuario-a-google-domains","status":"publish","type":"page","link":"https:\/\/soltuin.com\/es\/como-agregar-usuario-a-google-domains\/","title":{"rendered":"\u00bfC\u00f3mo agregar usuario a google domains para ayudarte con la administraci\u00f3n de dominios?"},"content":{"rendered":"\n<h2 class=\"wp-block-heading\">\u00bfSab\u00edas que puedes compartir el acceso a configurar los DNS y Nameservers de tu dominio comprado en Google Domains? <\/h2>\n\n\n\n<p>Esta funcionalidad es muy \u00fatil por cuestiones de <strong>seguridad<\/strong>. No es necesario compartir tu password y nombre de usuario con la agencia o freelancer que est\u00e1 trabajando en tu sitio web, solamente basta darle permisos de acceso como administrador y as\u00ed f\u00e1cilmente podr\u00e1n hacer los cambios necesarios de configuraci\u00f3n de tu dominio. Esto es importante pues en el momento en que deseas retirar los accesos a esa agencia o freelance a tu configuraci\u00f3n de dominio, como cuando cambiar de agencia, solo es necesario eliminar al usuario desde tu portal de Google Domains y listo. Adem\u00e1s de que no tendr\u00e1s que compartir el password de tu cuenta de Gmail d\u00e1ndole acceso a tu correo electr\u00f3nico, Google Drive y todo lo que est\u00e9 relacionado a tu cuenta de Gmail.<\/p>\n\n\n\n<p>Ahora vayamos al punto. Para agregar un usuario como administrador de dominios de Google Domains sigue las siguientes instrucciones:<\/p>\n\n\n\n<p class=\"has-medium-font-size\">1.Navega a <a href=\"https:\/\/domains.google\">domains.google<\/a><\/p>\n\n\n\n<figure class=\"wp-block-image size-large\"><img loading=\"lazy\" decoding=\"async\" width=\"1024\" height=\"640\" src=\"https:\/\/soltuin.com\/wp-content\/uploads\/2021\/08\/01-domains.google-landing-page-1024x640.png\" alt=\"\" class=\"wp-image-1402\" srcset=\"https:\/\/soltuin.com\/wp-content\/uploads\/2021\/08\/01-domains.google-landing-page-980x613.png 980w, https:\/\/soltuin.com\/wp-content\/uploads\/2021\/08\/01-domains.google-landing-page-480x300.png 480w\" sizes=\"(min-width: 0px) and (max-width: 480px) 480px, (min-width: 481px) and (max-width: 980px) 980px, (min-width: 981px) 1024px, 100vw\" \/><\/figure>\n\n\n\n<p class=\"has-medium-font-size\">2. Da click en el bot\u00f3n \u201cMis dominios\u201d. Bot\u00f3n azul de arriba a la derecha. Ahora ver\u00e1s el listado de todos tus dominios.<\/p>\n\n\n\n<figure class=\"wp-block-image size-large\"><img loading=\"lazy\" decoding=\"async\" width=\"1024\" height=\"640\" src=\"https:\/\/soltuin.com\/wp-content\/uploads\/2021\/08\/02-domains.google-my-domains-page-1-1024x640.png\" alt=\"\" class=\"wp-image-1412\" srcset=\"https:\/\/soltuin.com\/wp-content\/uploads\/2021\/08\/02-domains.google-my-domains-page-1-980x613.png 980w, https:\/\/soltuin.com\/wp-content\/uploads\/2021\/08\/02-domains.google-my-domains-page-1-480x300.png 480w\" sizes=\"(min-width: 0px) and (max-width: 480px) 480px, (min-width: 481px) and (max-width: 980px) 980px, (min-width: 981px) 1024px, 100vw\" \/><\/figure>\n\n\n\n<p class=\"has-medium-font-size\">3. Da click en el dominio que deseas o en el bot\u00f3n &#8220;Administrar&#8221; o &#8220;Manage&#8221;. <\/p>\n\n\n\n<figure class=\"wp-block-image size-large\"><img loading=\"lazy\" decoding=\"async\" width=\"1024\" height=\"640\" src=\"https:\/\/soltuin.com\/wp-content\/uploads\/2021\/08\/03-domains.google-manage-domain-page-1-1024x640.png\" alt=\"\" class=\"wp-image-1414\" srcset=\"https:\/\/soltuin.com\/wp-content\/uploads\/2021\/08\/03-domains.google-manage-domain-page-1-980x613.png 980w, https:\/\/soltuin.com\/wp-content\/uploads\/2021\/08\/03-domains.google-manage-domain-page-1-480x300.png 480w\" sizes=\"(min-width: 0px) and (max-width: 480px) 480px, (min-width: 481px) and (max-width: 980px) 980px, (min-width: 981px) 1024px, 100vw\" \/><\/figure>\n\n\n\n<p class=\"has-medium-font-size\">4. Haz click en &#8220;Configuraci\u00f3n de registro&#8221; o &#8220;Registration Settings&#8221;. El elemento del men\u00fa del lado izquierdo con el \u00edcono de engranaje.<\/p>\n\n\n\n<figure class=\"wp-block-image size-large\"><img loading=\"lazy\" decoding=\"async\" width=\"1024\" height=\"640\" src=\"https:\/\/soltuin.com\/wp-content\/uploads\/2021\/08\/04-domains.google-manage-domain-page-registration-settings-1-1024x640.png\" alt=\"\" class=\"wp-image-1416\" srcset=\"https:\/\/soltuin.com\/wp-content\/uploads\/2021\/08\/04-domains.google-manage-domain-page-registration-settings-1-980x613.png 980w, https:\/\/soltuin.com\/wp-content\/uploads\/2021\/08\/04-domains.google-manage-domain-page-registration-settings-1-480x300.png 480w\" sizes=\"(min-width: 0px) and (max-width: 480px) 480px, (min-width: 481px) and (max-width: 980px) 980px, (min-width: 981px) 1024px, 100vw\" \/><\/figure>\n\n\n\n<p class=\"has-medium-font-size\">5. Del lado derecho baja la p\u00e1gina a la secci\u00f3n &#8220;Usuarios&#8221; o &#8220;Users&#8221; y haz click en el campo &#8220;Correo electr\u00f3nico&#8221; o &#8220;Email address&#8221; dentro de la sub-secci\u00f3n &#8220;Permisos de dominio&#8221; o &#8220;Domain permissions&#8221;<\/p>\n\n\n\n<p class=\"has-medium-font-size\">6. Ingresa la direcci\u00f3n de correo electr\u00f3nico y da click en &#8220;Agregar usuario&#8221; o &#8220;Add&#8221; para agregar al usuario a la administraci\u00f3n del dominio. <\/p>\n\n\n\n<figure class=\"wp-block-image size-large\"><img loading=\"lazy\" decoding=\"async\" width=\"1024\" height=\"640\" src=\"https:\/\/soltuin.com\/wp-content\/uploads\/2021\/08\/05-domains.google-manage-domain-page-registration-settings-add-user-1-1024x640.png\" alt=\"\" class=\"wp-image-1418\" srcset=\"https:\/\/soltuin.com\/wp-content\/uploads\/2021\/08\/05-domains.google-manage-domain-page-registration-settings-add-user-1-980x613.png 980w, https:\/\/soltuin.com\/wp-content\/uploads\/2021\/08\/05-domains.google-manage-domain-page-registration-settings-add-user-1-480x300.png 480w\" sizes=\"(min-width: 0px) and (max-width: 480px) 480px, (min-width: 481px) and (max-width: 980px) 980px, (min-width: 981px) 1024px, 100vw\" \/><\/figure>\n\n\n\n<p class=\"has-medium-font-size\">\u00a1Listo!<\/p>\n\n\n\n<p>La persona con la que se comparta el dominio recibir\u00e1 una notificaci\u00f3n con el link para acceder a Google Domains y administrar el dominio.<\/p>\n\n\n\n<p><\/p>\n","protected":false},"excerpt":{"rendered":"<p>\u00bfSab\u00edas que puedes compartir el acceso a configurar los DNS y Nameservers de tu dominio comprado en Google Domains? Esta funcionalidad es muy \u00fatil por cuestiones de seguridad. No es necesario compartir tu password y nombre de usuario con la agencia o freelancer que est\u00e1 trabajando en tu sitio web, solamente basta darle permisos de [&hellip;]<\/p>\n","protected":false},"author":2,"featured_media":1402,"parent":0,"menu_order":0,"comment_status":"closed","ping_status":"closed","template":"","meta":{"_et_pb_use_builder":"off","_et_pb_old_content":"","_et_gb_content_width":"1080","footnotes":""},"class_list":["post-1401","page","type-page","status-publish","has-post-thumbnail","hentry"],"_links":{"self":[{"href":"https:\/\/soltuin.com\/es\/wp-json\/wp\/v2\/pages\/1401","targetHints":{"allow":["GET"]}}],"collection":[{"href":"https:\/\/soltuin.com\/es\/wp-json\/wp\/v2\/pages"}],"about":[{"href":"https:\/\/soltuin.com\/es\/wp-json\/wp\/v2\/types\/page"}],"author":[{"embeddable":true,"href":"https:\/\/soltuin.com\/es\/wp-json\/wp\/v2\/users\/2"}],"replies":[{"embeddable":true,"href":"https:\/\/soltuin.com\/es\/wp-json\/wp\/v2\/comments?post=1401"}],"version-history":[{"count":0,"href":"https:\/\/soltuin.com\/es\/wp-json\/wp\/v2\/pages\/1401\/revisions"}],"wp:featuredmedia":[{"embeddable":true,"href":"https:\/\/soltuin.com\/es\/wp-json\/wp\/v2\/media\/1402"}],"wp:attachment":[{"href":"https:\/\/soltuin.com\/es\/wp-json\/wp\/v2\/media?parent=1401"}],"curies":[{"name":"wp","href":"https:\/\/api.w.org\/{rel}","templated":true}]}}