{"id":1441,"date":"2021-08-03T19:48:31","date_gmt":"2021-08-04T00:48:31","guid":{"rendered":"https:\/\/soltuin.com\/?page_id=1441"},"modified":"2021-08-04T10:06:12","modified_gmt":"2021-08-04T15:06:12","slug":"empezando-tu-sitio-web","status":"publish","type":"page","link":"https:\/\/soltuin.com\/es\/empezando-tu-sitio-web\/","title":{"rendered":"Empezando tu sitio web"},"content":{"rendered":"<p>[et_pb_section fb_built=&#8221;1&#8243; fullwidth=&#8221;on&#8221; _builder_version=&#8221;4.9.10&#8243; _module_preset=&#8221;default&#8221;][et_pb_fullwidth_header title=&#8221;Iniciando tu sitio web&#8221; text_orientation=&#8221;center&#8221; _builder_version=&#8221;4.9.10&#8243; _module_preset=&#8221;default&#8221; custom_padding=&#8221;20px||20px||true|false&#8221;]<\/p>\n<p>Aqu\u00ed encontrar\u00e1s un listado de lo que necesitamos para hacer tu sitio web y una gu\u00eda del proceso que utilizamos para ello.<\/p>\n<p>[\/et_pb_fullwidth_header][\/et_pb_section][et_pb_section fb_built=&#8221;1&#8243; _builder_version=&#8221;4.9.10&#8243; _module_preset=&#8221;default&#8221;][et_pb_row _builder_version=&#8221;4.9.10&#8243; _module_preset=&#8221;default&#8221;][et_pb_column type=&#8221;4_4&#8243; _builder_version=&#8221;4.9.10&#8243; _module_preset=&#8221;default&#8221;][et_pb_text _builder_version=&#8221;4.9.10&#8243; _module_preset=&#8221;default&#8221;]<\/p>\n<h2>A) Lo que necesitamos para empezar<\/h2>\n<p>Aqu\u00ed hay un listado de lo que necesitamos para comenzar el dise\u00f1o de tu sitio web.<\/p>\n<p>[\/et_pb_text][\/et_pb_column][\/et_pb_row][et_pb_row column_structure=&#8221;1_3,1_3,1_3&#8243; _builder_version=&#8221;4.9.10&#8243; _module_preset=&#8221;default&#8221;][et_pb_column type=&#8221;1_3&#8243; _builder_version=&#8221;4.9.10&#8243; _module_preset=&#8221;default&#8221;][et_pb_blurb title=&#8221;Credenciales de Hosting&#8221; use_icon=&#8221;on&#8221; font_icon=&#8221;%%165%%&#8221; icon_color=&#8221;#049ED9&#8243; icon_placement=&#8221;left&#8221; _builder_version=&#8221;4.9.10&#8243; _module_preset=&#8221;default&#8221; header_text_color=&#8221;#002638&#8243; animation=&#8221;off&#8221;]<\/p>\n<p>Nombre de usuario y password para accesar a tu hosting o cPanel.<\/p>\n<p>[\/et_pb_blurb][\/et_pb_column][et_pb_column type=&#8221;1_3&#8243; _builder_version=&#8221;4.9.10&#8243; _module_preset=&#8221;default&#8221;][et_pb_blurb title=&#8221;Login de WordPress&#8221; use_icon=&#8221;on&#8221; font_icon=&#8221;%%297%%&#8221; icon_color=&#8221;#049ED9&#8243; icon_placement=&#8221;left&#8221; _builder_version=&#8221;4.9.10&#8243; _module_preset=&#8221;default&#8221; header_text_color=&#8221;#002638&#8243; animation=&#8221;off&#8221;]<\/p>\n<p>Nombre de usuario y password para accesar a sitio actual de WordPress (si ya tienes uno). Tiene que ser administrador.<\/p>\n<p>[\/et_pb_blurb][\/et_pb_column][et_pb_column type=&#8221;1_3&#8243; _builder_version=&#8221;4.9.10&#8243; _module_preset=&#8221;default&#8221;][et_pb_blurb title=&#8221;Logo&#8221; use_icon=&#8221;on&#8221; font_icon=&#8221;%%156%%&#8221; icon_color=&#8221;#049ED9&#8243; icon_placement=&#8221;left&#8221; _builder_version=&#8221;4.9.10&#8243; _module_preset=&#8221;default&#8221; header_text_color=&#8221;#002638&#8243; animation=&#8221;off&#8221;]<\/p>\n<p>PDF, EPS, AI o un JPEG o PNG de alta resoluci\u00f3n si es posible.<\/p>\n<p>[\/et_pb_blurb][\/et_pb_column][\/et_pb_row][et_pb_row column_structure=&#8221;1_3,1_3,1_3&#8243; _builder_version=&#8221;4.9.10&#8243; _module_preset=&#8221;default&#8221;][et_pb_column type=&#8221;1_3&#8243; _builder_version=&#8221;4.9.10&#8243; _module_preset=&#8221;default&#8221;][et_pb_blurb title=&#8221;Fotos e im\u00e1genes&#8221; use_icon=&#8221;on&#8221; font_icon=&#8221;%%100%%&#8221; icon_color=&#8221;#049ED9&#8243; icon_placement=&#8221;left&#8221; _builder_version=&#8221;4.9.10&#8243; _module_preset=&#8221;default&#8221; header_text_color=&#8221;#002638&#8243; animation=&#8221;off&#8221; hover_enabled=&#8221;0&#8243; sticky_enabled=&#8221;0&#8243;]<\/p>\n<p>Fotos e im\u00e1genes que te gustar\u00eda usar en tu sitio web.<\/p>\n<p>Nombrar los archivos con textos comprensibles para que sepamos a qu\u00e9 se refieren y solo usar letras, n\u00fameros, gui\u00f3n medio (-), gui\u00f3n bajo (_) y punto (para la extensi\u00f3n jpg, jpeg o png). No utilizar espacios, acentos, &#8220;\u00f1&#8221; o caracteres que no sean del alfabeto ingl\u00e9s as\u00ed como @, $, %, etc.<\/p>\n<p>Por ejemplo, si tienen una foto de conjuntivitis, poner el nombre del archivo como conjuntivitis-en-ojo-izquierdo.jpg<\/p>\n<p>&nbsp;<\/p>\n<p>[\/et_pb_blurb][\/et_pb_column][et_pb_column type=&#8221;1_3&#8243; _builder_version=&#8221;4.9.10&#8243; _module_preset=&#8221;default&#8221;][et_pb_blurb title=&#8221;Brief y Contenido&#8221; use_icon=&#8221;on&#8221; font_icon=&#8221;%%72%%&#8221; icon_color=&#8221;#049ED9&#8243; icon_placement=&#8221;left&#8221; _builder_version=&#8221;4.9.10&#8243; _module_preset=&#8221;default&#8221; header_text_color=&#8221;#002638&#8243; animation=&#8221;off&#8221; hover_enabled=&#8221;0&#8243; sticky_enabled=&#8221;0&#8243;]<\/p>\n<p>Contenido (Textos) y Website Brief (informaci\u00f3n sobre tu negocio).<\/p>\n<p>El Brief es un documento con varias preguntas sobre tu negocio. Nos ayuda a entender la visi\u00f3n, misi\u00f3n, tu competencia, la estrategia y todas necesidades de tu sitio web.<\/p>\n<p>El contenido son los textos que deseas tener en tu sitio. Desde informaci\u00f3n sobre servicios hasta testimonios de tus clientes existentes.<\/p>\n<p>[\/et_pb_blurb][\/et_pb_column][et_pb_column type=&#8221;1_3&#8243; _builder_version=&#8221;4.9.10&#8243; _module_preset=&#8221;default&#8221;][et_pb_blurb title=&#8221;Manual de marca&#8221; use_icon=&#8221;on&#8221; font_icon=&#8221;%%71%%&#8221; icon_color=&#8221;#049ED9&#8243; icon_placement=&#8221;left&#8221; _builder_version=&#8221;4.9.10&#8243; _module_preset=&#8221;default&#8221; header_text_color=&#8221;#002638&#8243; animation=&#8221;off&#8221;]<\/p>\n<p>Gu\u00eda de estilo, colores, tipograf\u00eda y cualquier especificaci\u00f3n de dise\u00f1o de marca.<\/p>\n<p>[\/et_pb_blurb][\/et_pb_column][\/et_pb_row][et_pb_row column_structure=&#8221;3_4,1_4&#8243; _builder_version=&#8221;4.9.10&#8243; _module_preset=&#8221;default&#8221;][et_pb_column type=&#8221;3_4&#8243; _builder_version=&#8221;4.9.10&#8243; _module_preset=&#8221;default&#8221;][et_pb_text _builder_version=&#8221;4.9.10&#8243; _module_preset=&#8221;default&#8221;]<\/p>\n<h2>B) Google Drive<\/h2>\n<p>Google Drive es una plataforma para compartir archivos como im\u00e1genes y colaborar con archivos de texto y hojas de c\u00e1lculo.<\/p>\n<p>Aqu\u00ed es donde subir\u00e1s tus fotos y llenar\u00e1s documentos directamente desde tu navegador como el Website Brief y textos de contenido.<\/p>\n<p>Al iniciar tu proyecto, te mandaremos el link a tu carpeta de Google Drive que usaremos durante la vida del proyecto.<\/p>\n<p>[\/et_pb_text][\/et_pb_column][et_pb_column type=&#8221;1_4&#8243; _builder_version=&#8221;4.9.10&#8243; _module_preset=&#8221;default&#8221;][et_pb_image src=&#8221;https:\/\/soltuin.com\/wp-content\/uploads\/2021\/08\/Asset-Google-Drive-Lockup.png&#8221; title_text=&#8221;Asset &#8211; Google Drive Lockup&#8221; align=&#8221;center&#8221; _builder_version=&#8221;4.9.10&#8243; _module_preset=&#8221;default&#8221;][\/et_pb_image][et_pb_image src=&#8221;https:\/\/soltuin.com\/wp-content\/uploads\/2021\/08\/logo_drive_2020q4_color_2x_web_64dp.png&#8221; title_text=&#8221;logo_drive_2020q4_color_2x_web_64dp&#8221; align=&#8221;center&#8221; _builder_version=&#8221;4.9.10&#8243; _module_preset=&#8221;default&#8221; width=&#8221;80px&#8221;][\/et_pb_image][\/et_pb_column][\/et_pb_row][\/et_pb_section][et_pb_section fb_built=&#8221;1&#8243; _builder_version=&#8221;4.9.10&#8243; _module_preset=&#8221;default&#8221; background_color=&#8221;#f7f7f7&#8243;][et_pb_row _builder_version=&#8221;4.9.10&#8243; _module_preset=&#8221;default&#8221;][et_pb_column type=&#8221;4_4&#8243; _builder_version=&#8221;4.9.10&#8243; _module_preset=&#8221;default&#8221;][et_pb_text _builder_version=&#8221;4.9.10&#8243; _module_preset=&#8221;default&#8221;]<\/p>\n<h2>C) El proceso de dise\u00f1o<\/h2>\n<p>Dise\u00f1ar un sitio web, peque\u00f1o o grande, es un proceso que puede ser agobiante. Para ayudarte a comprender que esperar durante el dise\u00f1o y desarrollo, aqu\u00ed te muestro el proceso que usamos. Cada paso requiere de tu aprobaci\u00f3n para continuar.<\/p>\n<p>[\/et_pb_text][\/et_pb_column][\/et_pb_row][et_pb_row column_structure=&#8221;1_3,1_3,1_3&#8243; _builder_version=&#8221;4.9.10&#8243; _module_preset=&#8221;default&#8221;][et_pb_column type=&#8221;1_3&#8243; _builder_version=&#8221;4.9.10&#8243; _module_preset=&#8221;default&#8221;][et_pb_blurb title=&#8221;1) Obtenci\u00f3n de requerimientos&#8221; use_icon=&#8221;on&#8221; font_icon=&#8221;%%127%%&#8221; icon_color=&#8221;#049ED9&#8243; icon_placement=&#8221;left&#8221; _builder_version=&#8221;4.9.10&#8243; _module_preset=&#8221;default&#8221; header_text_color=&#8221;#002638&#8243; animation=&#8221;off&#8221;]<\/p>\n<p>Entre m\u00e1s informaci\u00f3n tengamos sobre tu negocio, mejor ser\u00e1 para nosotros dise\u00f1ar justo lo que necesitas.<\/p>\n<p>Para ello nos apoyamos principalmente en el Website Brief, Contenido (textos) y tu manual de marca.<\/p>\n<p>[\/et_pb_blurb][\/et_pb_column][et_pb_column type=&#8221;1_3&#8243; _builder_version=&#8221;4.9.10&#8243; _module_preset=&#8221;default&#8221;][et_pb_blurb title=&#8221;2) Instalaci\u00f3n&#8221; use_icon=&#8221;on&#8221; font_icon=&#8221;%%96%%&#8221; icon_color=&#8221;#049ED9&#8243; icon_placement=&#8221;left&#8221; _builder_version=&#8221;4.9.10&#8243; _module_preset=&#8221;default&#8221; header_text_color=&#8221;#002638&#8243; animation=&#8221;off&#8221;]<\/p>\n<p>Configuramos tu hosting, instalamos WordPress y configuramos tus DNS para poder realizar el sitio web.<\/p>\n<p>[\/et_pb_blurb][\/et_pb_column][et_pb_column type=&#8221;1_3&#8243; _builder_version=&#8221;4.9.10&#8243; _module_preset=&#8221;default&#8221;][et_pb_blurb title=&#8221;3) Mapa de sitio&#8221; use_icon=&#8221;on&#8221; font_icon=&#8221;%%159%%&#8221; icon_color=&#8221;#049ED9&#8243; icon_placement=&#8221;left&#8221; _builder_version=&#8221;4.9.10&#8243; _module_preset=&#8221;default&#8221; header_text_color=&#8221;#002638&#8243; animation=&#8221;off&#8221;]<\/p>\n<p>Crearemos un mapa de sitio (sitemap) con la cantidad de p\u00e1ginas y jerarqu\u00eda.<\/p>\n<p>[\/et_pb_blurb][\/et_pb_column][\/et_pb_row][et_pb_row column_structure=&#8221;1_3,1_3,1_3&#8243; _builder_version=&#8221;4.9.10&#8243; _module_preset=&#8221;default&#8221;][et_pb_column type=&#8221;1_3&#8243; _builder_version=&#8221;4.9.10&#8243; _module_preset=&#8221;default&#8221;][et_pb_blurb title=&#8221;4) Dise\u00f1o de la p\u00e1gina de inicio&#8221; use_icon=&#8221;on&#8221; font_icon=&#8221;%%75%%&#8221; icon_color=&#8221;#049ED9&#8243; icon_placement=&#8221;left&#8221; _builder_version=&#8221;4.9.10&#8243; _module_preset=&#8221;default&#8221; header_text_color=&#8221;#002638&#8243; animation=&#8221;off&#8221;]<\/p>\n<p>En el dise\u00f1o de la p\u00e1gina de inicio se establecer\u00e1n estilos, colores y tipograf\u00eda de m\u00faltiples elementos que ser\u00e1n la gu\u00eda para el resto de las p\u00e1ginas del sitio.<\/p>\n<p>[\/et_pb_blurb][\/et_pb_column][et_pb_column type=&#8221;1_3&#8243; _builder_version=&#8221;4.9.10&#8243; _module_preset=&#8221;default&#8221;][et_pb_blurb title=&#8221;5) Desarrollo del sitio&#8221; use_icon=&#8221;on&#8221; font_icon=&#8221;%%107%%&#8221; icon_color=&#8221;#049ED9&#8243; icon_placement=&#8221;left&#8221; _builder_version=&#8221;4.9.10&#8243; _module_preset=&#8221;default&#8221; header_text_color=&#8221;#002638&#8243; animation=&#8221;off&#8221;]<\/p>\n<p>Aprobado el mapa de sitio y el dise\u00f1o de la p\u00e1gina de inicio, dise\u00f1amos y contruimos el resto de las p\u00e1ginas de tu sitio web.<\/p>\n<p>Nos aseguraremos que se vea bien en tablets y celulares as\u00ed como varios navegadores antes de continuar.<\/p>\n<p>[\/et_pb_blurb][\/et_pb_column][et_pb_column type=&#8221;1_3&#8243; _builder_version=&#8221;4.9.10&#8243; _module_preset=&#8221;default&#8221;][et_pb_blurb title=&#8221;6) Revisar y editar&#8221; use_icon=&#8221;on&#8221; font_icon=&#8221;%%70%%&#8221; icon_color=&#8221;#049ED9&#8243; icon_placement=&#8221;left&#8221; _builder_version=&#8221;4.9.10&#8243; _module_preset=&#8221;default&#8221; header_text_color=&#8221;#002638&#8243; animation=&#8221;off&#8221;]<\/p>\n<p>Una vez que el sitio este listo para revisi\u00f3n final, podr\u00e1s revisar cada una de las p\u00e1ginas de tu sitio y haremos ajustes hasta que el sitio este revisado por completo.<\/p>\n<p>Te pedimos que revises todas las p\u00e1ginas por errores de ortograf\u00eda o gramaticales, que las direcciones, tel\u00e9fonos e informaci\u00f3n tambi\u00e9n sean correctos.<\/p>\n<p>[\/et_pb_blurb][\/et_pb_column][\/et_pb_row][\/et_pb_section][et_pb_section fb_built=&#8221;1&#8243; _builder_version=&#8221;4.9.10&#8243; _module_preset=&#8221;default&#8221;][et_pb_row _builder_version=&#8221;4.9.10&#8243; _module_preset=&#8221;default&#8221;][et_pb_column type=&#8221;4_4&#8243; _builder_version=&#8221;4.9.10&#8243; _module_preset=&#8221;default&#8221;][et_pb_text _builder_version=&#8221;4.9.10&#8243; _module_preset=&#8221;default&#8221;]<\/p>\n<h2>D) \u00a1Puesta en marcha!<\/h2>\n<p>Cuando tu sitio este listo para estar en vivo, se har\u00e1 lo siguiente:<\/p>\n<ul>\n<li>Eliminar plugins, p\u00e1ginas e im\u00e1genes que no son necesarias.<\/li>\n<li>Hacer un respaldo completo del sitio en caso de necesitar restaurarlo en un futuro.<\/li>\n<li>Instalar y configurar plugins indispensables para seguridad y velocidad.<\/li>\n<li>Verificar que los formularios de contacto funcionan correctamente.<\/li>\n<\/ul>\n<p>Una vez realizado lo anterior se pondr\u00e1 el sitio en producci\u00f3n, es decir estar\u00e1 en vivo. Este proceso puede tomar entre 24-48 horas dependiendo de la infraestructura utilizada. En algunas computadoras o dispositivos se necesitar\u00e1 eliminar el cach\u00e9 sobre todo si se utilizaron para hacer revisiones del sitio antes de la puesta en marcha.<\/p>\n<p>Por \u00faltimo, te entregaremos tus credenciales del sitio web utilizando m\u00e9todos seguros como LastPass.<\/p>\n<p>&nbsp;<\/p>\n<p>[\/et_pb_text][\/et_pb_column][\/et_pb_row][\/et_pb_section]<\/p>\n","protected":false},"excerpt":{"rendered":"<p>Aqu\u00ed encontrar\u00e1s un listado de lo que necesitamos para hacer tu sitio web y una gu\u00eda del proceso que utilizamos para ello.A) Lo que necesitamos para empezar Aqu\u00ed hay un listado de lo que necesitamos para comenzar el dise\u00f1o de tu sitio web.Nombre de usuario y password para accesar a tu hosting o cPanel.Nombre de [&hellip;]<\/p>\n","protected":false},"author":2,"featured_media":0,"parent":0,"menu_order":0,"comment_status":"closed","ping_status":"closed","template":"","meta":{"_et_pb_use_builder":"on","_et_pb_old_content":"","_et_gb_content_width":"","footnotes":""},"class_list":["post-1441","page","type-page","status-publish","hentry"],"_links":{"self":[{"href":"https:\/\/soltuin.com\/es\/wp-json\/wp\/v2\/pages\/1441","targetHints":{"allow":["GET"]}}],"collection":[{"href":"https:\/\/soltuin.com\/es\/wp-json\/wp\/v2\/pages"}],"about":[{"href":"https:\/\/soltuin.com\/es\/wp-json\/wp\/v2\/types\/page"}],"author":[{"embeddable":true,"href":"https:\/\/soltuin.com\/es\/wp-json\/wp\/v2\/users\/2"}],"replies":[{"embeddable":true,"href":"https:\/\/soltuin.com\/es\/wp-json\/wp\/v2\/comments?post=1441"}],"version-history":[{"count":0,"href":"https:\/\/soltuin.com\/es\/wp-json\/wp\/v2\/pages\/1441\/revisions"}],"wp:attachment":[{"href":"https:\/\/soltuin.com\/es\/wp-json\/wp\/v2\/media?parent=1441"}],"curies":[{"name":"wp","href":"https:\/\/api.w.org\/{rel}","templated":true}]}}