{"id":776,"date":"2019-10-17T10:20:29","date_gmt":"2019-10-17T15:20:29","guid":{"rendered":"https:\/\/soltuin.com\/?page_id=776"},"modified":"2019-11-01T11:35:58","modified_gmt":"2019-11-01T17:35:58","slug":"auditoria-web-en-mexico","status":"publish","type":"page","link":"https:\/\/soltuin.com\/es\/auditoria-web-en-mexico\/","title":{"rendered":"Auditor\u00eda Web en M\u00e9xico"},"content":{"rendered":"<p>[et_pb_section fb_built=&#8221;1&#8243; fullwidth=&#8221;on&#8221; _builder_version=&#8221;3.29.3&#8243; width_tablet=&#8221;&#8221; width_phone=&#8221;&#8221; width_last_edited=&#8221;on|phone&#8221; max_width_tablet=&#8221;&#8221; max_width_phone=&#8221;&#8221; max_width_last_edited=&#8221;on|phone&#8221; custom_margin_last_edited=&#8221;off|phone&#8221; bottom_divider_style=&#8221;curve2&#8243; bottom_divider_color=&#8221;#02648e&#8221; bottom_divider_height=&#8221;52px&#8221;][et_pb_fullwidth_header title=&#8221;Auditor\u00eda web en M\u00e9xico. Protege tu SEO, tr\u00e1fico y tus ganancias&#8221; subhead=&#8221;\u00bfC\u00f3mo califican los buscadores a tu sitio web?&#8221; button_one_text=&#8221;\u00a1Auditar!&#8221; button_one_url=&#8221;\/es\/contacto\/&#8221; content_max_width=&#8221;60%&#8221; content_max_width_tablet=&#8221;&#8221; content_max_width_phone=&#8221;100%&#8221; content_max_width_last_edited=&#8221;on|phone&#8221; _builder_version=&#8221;3.29.3&#8243; title_font=&#8221;|||on|||||&#8221; title_line_height=&#8221;1.7em&#8221; subhead_font=&#8221;|600||on|||||&#8221; subhead_letter_spacing=&#8221;1px&#8221; subhead_line_height=&#8221;2em&#8221; custom_button_one=&#8221;on&#8221; button_one_text_color=&#8221;#ffffff&#8221; button_one_bg_color=&#8221;#ffc40d&#8221; button_one_icon=&#8221;%%45%%&#8221; button_one_on_hover=&#8221;off&#8221; max_height=&#8221;50vw&#8221; max_height_tablet=&#8221;&#8221; max_height_phone=&#8221;&#8221; max_height_last_edited=&#8221;on|phone&#8221; custom_padding=&#8221;0px||||false|false&#8221; custom_padding_tablet=&#8221;&#8221; custom_padding_phone=&#8221;0px|0px|0px|0px|true|true&#8221; custom_padding_last_edited=&#8221;on|phone&#8221; title_font_size_tablet=&#8221;&#8221; title_font_size_phone=&#8221;24px&#8221; title_font_size_last_edited=&#8221;on|phone&#8221;]<\/p>\n<p>Con m\u00e1s de 100 puntos de evaluaci\u00f3n.\u00a0Conoce si tu sitio cuenta con la\u00a0 Seguridad, Velocidad, Calidad y Tecnolog\u00eda necesaria para vencer a la competencia.<\/p>\n<p>[\/et_pb_fullwidth_header][\/et_pb_section][et_pb_section fb_built=&#8221;1&#8243; _builder_version=&#8221;3.29.3&#8243; max_width_tablet=&#8221;&#8221; max_width_phone=&#8221;90%&#8221; max_width_last_edited=&#8221;on|phone&#8221; module_alignment=&#8221;center&#8221; custom_padding=&#8221;41px|||||&#8221;][et_pb_row _builder_version=&#8221;3.29.3&#8243;][et_pb_column type=&#8221;4_4&#8243; _builder_version=&#8221;3.29.3&#8243;][et_pb_text _builder_version=&#8221;3.29.3&#8243; header_2_letter_spacing=&#8221;1px&#8221; header_2_line_height=&#8221;1.7em&#8221;]<\/p>\n<h2>\u00a1Deja de perder posicionamiento, tr\u00e1fico e ingresos!<\/h2>\n<p>Existen muchos recursos en l\u00ednea para que audites tu sitio web pero es dificil saber cuales de todos los puntos de mejora tendran la mayor influencia en el tr\u00e1fico de tu sitio web.<\/p>\n<p>Te ofrecemos asesor\u00eda profesional para la mejora y el mantenimiento de tu sitio web.<\/p>\n<p>Con nuestro <strong>informe de auditor\u00eda web<\/strong>, conocer\u00e1s cuales \u00e1reas de tu sitio web est\u00e1n en buen estado y cuales requieren de actualizaci\u00f3n o una implementaci\u00f3n completa. Adem\u00e1s obtendras un listado de tareas que te dir\u00e1n punto por punto que \u00e1reas debes mejorar para aumentar la calificaci\u00f3n de tu sitio web y posicionarte mucho mejor.<\/p>\n<p>[\/et_pb_text][\/et_pb_column][\/et_pb_row][\/et_pb_section][et_pb_section fb_built=&#8221;1&#8243; _builder_version=&#8221;3.29.3&#8243; background_color=&#8221;#adadad&#8221;][et_pb_row column_structure=&#8221;1_2,1_2&#8243; _builder_version=&#8221;3.29.3&#8243;][et_pb_column type=&#8221;1_2&#8243; _builder_version=&#8221;3.29.3&#8243;][et_pb_image src=&#8221;https:\/\/soltuin.com\/wp-content\/uploads\/2019\/10\/auditoria-web-en-mexico-soltuin-300&#215;272.jpg&#8221; alt=&#8221;Auditor\u00eda web en M\u00e9xico por Soltuin&#8221; align=&#8221;center&#8221; _builder_version=&#8221;3.29.3&#8243; border_radii=&#8221;on|5px|5px|5px|5px&#8221; border_color_right=&#8221;#ffc40d&#8221; border_color_bottom=&#8221;#ffc40d&#8221; box_shadow_style=&#8221;preset6&#8243;][\/et_pb_image][\/et_pb_column][et_pb_column type=&#8221;1_2&#8243; _builder_version=&#8221;3.29.3&#8243;][et_pb_image src=&#8221;https:\/\/soltuin.com\/wp-content\/uploads\/2019\/10\/informe-auditoria-web-en-mexico-por-soltuin-300&#215;240.png&#8221; alt=&#8221;Informa de auditor\u00eda web en M\u00e9xico por Soltuin&#8221; align=&#8221;center&#8221; _builder_version=&#8221;3.29.3&#8243; border_radii=&#8221;on|5px|5px|5px|5px&#8221; border_color_right=&#8221;#ffc40d&#8221; border_color_bottom=&#8221;#ffc40d&#8221; box_shadow_style=&#8221;preset6&#8243;][\/et_pb_image][\/et_pb_column][\/et_pb_row][\/et_pb_section][et_pb_section fb_built=&#8221;1&#8243; admin_label=&#8221;Rendimiento&#8221; _builder_version=&#8221;3.29.3&#8243; background_color=&#8221;#ffffff&#8221; max_width_tablet=&#8221;&#8221; max_width_phone=&#8221;90%&#8221; max_width_last_edited=&#8221;on|phone&#8221; module_alignment=&#8221;center&#8221;][et_pb_row column_structure=&#8221;1_2,1_2&#8243; _builder_version=&#8221;3.29.3&#8243;][et_pb_column type=&#8221;1_2&#8243; _builder_version=&#8221;3.29.3&#8243;][et_pb_blurb title=&#8221;Posicionamiento (SEO)&#8221; image=&#8221;https:\/\/soltuin.com\/wp-content\/uploads\/2019\/10\/seo-website-graphic.png&#8221; alt=&#8221;Posicionamiento SEO de sitio web&#8221; module_class=&#8221;sol-blurb&#8221; _builder_version=&#8221;3.29.3&#8243; header_level=&#8221;h2&#8243;]<\/p>\n<p>Conoce el estado del SEO de tu sitio. Hacemos un an\u00e1lisis profundo de cada una de tus p\u00e1ginas. Recuerda que en realidad para el SEO todos los puntos de esta auditor\u00eda juegan un papel importante. Aqu\u00ed las \u00e1reas especificas de SEO que verificamos en tu sitio:<\/p>\n<p>&nbsp;<\/p>\n<ul>\n<li>On-page SEO: H1, titulos, descripciones, etc.<\/li>\n<li>Off-page SEO: Links hacia tu sitio.<\/li>\n<li>An\u00e1lisis de palabras clave<\/li>\n<li>Configuraci\u00f3n de plugins de SEO<\/li>\n<li>Schema Markup<\/li>\n<li>Uso de herramientas de Google y Bing<\/li>\n<li>Uso de Redes Sociales<\/li>\n<\/ul>\n<p>[\/et_pb_blurb][\/et_pb_column][et_pb_column type=&#8221;1_2&#8243; _builder_version=&#8221;3.29.3&#8243;][et_pb_blurb title=&#8221;Usabilidad&#8221; image=&#8221;https:\/\/soltuin.com\/wp-content\/uploads\/2019\/10\/website-visitors-path.png&#8221; alt=&#8221;website speed meter&#8221; module_class=&#8221;sol-blurb&#8221; _builder_version=&#8221;3.29.3&#8243; header_level=&#8221;h2&#8243;]<\/p>\n<p>\u00bfEst\u00e1n tus llamadas a la acci\u00f3n o CTA\u00a0(Call-To-Action) en el lugar adecuado? Estas ayudan a convertir visitantes m\u00e1s facilmente.<\/p>\n<p>\u00bfTu sitio web es mobile-friendly? El 70% de los usuarios de internet lo usa desde el celular. \u00a1Es muy importante!<\/p>\n<p>Tambien verificamos los siguientes puntos de la experiencia de usuario de tu sitio web:<\/p>\n<ul>\n<li>Usabilidad<\/li>\n<li>Accesibilidad<\/li>\n<li>Uso de CTA<\/li>\n<\/ul>\n<p>[\/et_pb_blurb][\/et_pb_column][\/et_pb_row][et_pb_row column_structure=&#8221;1_3,1_3,1_3&#8243; _builder_version=&#8221;3.29.3&#8243;][et_pb_column type=&#8221;1_3&#8243; _builder_version=&#8221;3.29.3&#8243;][et_pb_blurb title=&#8221;Configuraci\u00f3n y Tecnolog\u00eda&#8221; image=&#8221;https:\/\/soltuin.com\/wp-content\/uploads\/2019\/10\/website-configuration.png&#8221; alt=&#8221;website configuration&#8221; module_class=&#8221;sol-blurb&#8221; _builder_version=&#8221;3.29.3&#8243; header_level=&#8221;h2&#8243;]<\/p>\n<p>Te decimos que tecnolog\u00eda usa tu sitio web. Hosting, Dominios, WordPress, Plugins, etc.<\/p>\n<p><strong>\u00bfPued\u00e9s actualizar tu sitio web?<\/strong><\/p>\n<p>Te decimos como. Con toda la informaci\u00f3n para tomar una buena decisi\u00f3n.<\/p>\n<p>&nbsp;<\/p>\n<ul>\n<li>Hosting: Capacidad, Velocidad, Espacio en Disco, ancho de banda.<\/li>\n<li>WordPress: versi\u00f3n usada, plugins, etc.<\/li>\n<li>Versi\u00f3n de PHP<\/li>\n<li>Versi\u00f3n de MySQL<\/li>\n<li>Tipo de Servidor (Apache, Nginx, etc)<\/li>\n<li>Versi\u00f3n de WordPress y sus plugins<\/li>\n<\/ul>\n<p>[\/et_pb_blurb][\/et_pb_column][et_pb_column type=&#8221;1_3&#8243; _builder_version=&#8221;3.29.3&#8243;][et_pb_blurb title=&#8221;Seguridad&#8221; image=&#8221;https:\/\/soltuin.com\/wp-content\/uploads\/2019\/10\/shield-securing-website.png&#8221; alt=&#8221;Website secured by a shield&#8221; module_class=&#8221;sol-blurb&#8221; _builder_version=&#8221;3.29.3&#8243; header_level=&#8221;h2&#8243;]<\/p>\n<p>\u00bfSab\u00edas que los hackers tienen como pasatiempo hackear sitios hechos con WordPress?<\/p>\n<p>Evaluamos la seguridad de tu sitio y revisamos que utilices las mejores pr\u00e1cticas para mantenerlo libre de hackers.<\/p>\n<p>&nbsp;<\/p>\n<ul>\n<li>Certificado SSL<\/li>\n<li>HTTPS<\/li>\n<li>Revisi\u00f3n de Malware<\/li>\n<li>Uso de Firewall<\/li>\n<li>Prevenci\u00f3n de Spam<\/li>\n<li>Configuraci\u00f3n de respaldos.<\/li>\n<\/ul>\n<p>[\/et_pb_blurb][\/et_pb_column][et_pb_column type=&#8221;1_3&#8243; _builder_version=&#8221;3.29.3&#8243;][et_pb_blurb title=&#8221;Rendimiento y velocidad&#8221; image=&#8221;https:\/\/soltuin.com\/wp-content\/uploads\/2019\/10\/website-speed-meter.png&#8221; alt=&#8221;website speed meter&#8221; module_class=&#8221;sol-blurb&#8221; _builder_version=&#8221;3.29.3&#8243; header_level=&#8221;h2&#8243;]<\/p>\n<p>Si un sitio web es lento, y por lento quiero decir que abre en m\u00e1s de 3 segundos, el visitante seguramente dara &#8220;atras&#8221; a su navegador y no ver\u00e1 tu sitio completo, o simplemente se ira a ver otro sitio web de la competencia.<\/p>\n<p>Con nuestro an\u00e1lisis de rendimiento y velocidad obtendr\u00e1s informaci\u00f3n sobre:<\/p>\n<p>&nbsp;<\/p>\n<ul>\n<li>Velocidad de cada p\u00e1gina en tu sitio web<\/li>\n<li>Evaluaci\u00f3n PageSpeed Insights de Google para cada p\u00e1gina (Desktop y Mobile)<\/li>\n<li>Compresi\u00f3n GZIP<\/li>\n<li>Pol\u00edticas de Cache<\/li>\n<li>Minify CSS, JS, HTML<\/li>\n<li>Compresi\u00f3n apropriada de im\u00e1genes<\/li>\n<li>Uso de CDN<\/li>\n<li>y m\u00e1s!<\/li>\n<\/ul>\n<p>[\/et_pb_blurb][\/et_pb_column][\/et_pb_row][\/et_pb_section][et_pb_section fb_built=&#8221;1&#8243; _builder_version=&#8221;3.29.3&#8243; max_width_tablet=&#8221;&#8221; max_width_phone=&#8221;90%&#8221; max_width_last_edited=&#8221;on|phone&#8221; module_alignment=&#8221;center&#8221;][et_pb_row _builder_version=&#8221;3.29.3&#8243;][et_pb_column type=&#8221;4_4&#8243; _builder_version=&#8221;3.29.3&#8243;][et_pb_text _builder_version=&#8221;3.29.3&#8243; header_line_height=&#8221;1.7em&#8221; header_2_line_height=&#8221;1.7em&#8221;]<\/p>\n<h2>Entregables de la auditor\u00eda<\/h2>\n<ul>\n<li>Lista completa de los problemas de tu sitio web y su importancia.<\/li>\n<li>Informaci\u00f3n de soporte de los problemas encontrados (archivos, im\u00e1genes, etc)<\/li>\n<li>Los Top 10 problemas a resolver.<\/li>\n<li>Una llamada de una hora para explicar los problemas y determinar los siguientes pasos.<\/li>\n<\/ul>\n<p>[\/et_pb_text][et_pb_text _builder_version=&#8221;3.29.3&#8243;]<\/p>\n<p>En Soltuin te podemos ayudar para resolver los resultados de la auditor\u00eda. Recomendamos que resuelvas tanto como puedas por tu cuenta, pero tambi\u00e9n estamos disponibles para ayudarte. Somos expertos en WordPress y Hosting. Estamos disponibles para cotizar precio sobre los cambios requeridos.<\/p>\n<p>[\/et_pb_text][\/et_pb_column][\/et_pb_row][\/et_pb_section]<\/p>\n","protected":false},"excerpt":{"rendered":"<p>Con m\u00e1s de 100 puntos de evaluaci\u00f3n.\u00a0Conoce si tu sitio cuenta con la\u00a0 Seguridad, Velocidad, Calidad y Tecnolog\u00eda necesaria para vencer a la competencia.\u00a1Deja de perder posicionamiento, tr\u00e1fico e ingresos! Existen muchos recursos en l\u00ednea para que audites tu sitio web pero es dificil saber cuales de todos los puntos de mejora tendran la mayor [&hellip;]<\/p>\n","protected":false},"author":2,"featured_media":820,"parent":0,"menu_order":0,"comment_status":"closed","ping_status":"closed","template":"","meta":{"_et_pb_use_builder":"on","_et_pb_old_content":"","_et_gb_content_width":"","footnotes":""},"class_list":["post-776","page","type-page","status-publish","has-post-thumbnail","hentry"],"_links":{"self":[{"href":"https:\/\/soltuin.com\/es\/wp-json\/wp\/v2\/pages\/776","targetHints":{"allow":["GET"]}}],"collection":[{"href":"https:\/\/soltuin.com\/es\/wp-json\/wp\/v2\/pages"}],"about":[{"href":"https:\/\/soltuin.com\/es\/wp-json\/wp\/v2\/types\/page"}],"author":[{"embeddable":true,"href":"https:\/\/soltuin.com\/es\/wp-json\/wp\/v2\/users\/2"}],"replies":[{"embeddable":true,"href":"https:\/\/soltuin.com\/es\/wp-json\/wp\/v2\/comments?post=776"}],"version-history":[{"count":0,"href":"https:\/\/soltuin.com\/es\/wp-json\/wp\/v2\/pages\/776\/revisions"}],"wp:featuredmedia":[{"embeddable":true,"href":"https:\/\/soltuin.com\/es\/wp-json\/wp\/v2\/media\/820"}],"wp:attachment":[{"href":"https:\/\/soltuin.com\/es\/wp-json\/wp\/v2\/media?parent=776"}],"curies":[{"name":"wp","href":"https:\/\/api.w.org\/{rel}","templated":true}]}}