{"id":907,"date":"2019-11-01T10:52:57","date_gmt":"2019-11-01T16:52:57","guid":{"rendered":"https:\/\/soltuin.com\/?page_id=907"},"modified":"2021-05-26T00:41:13","modified_gmt":"2021-05-26T05:41:13","slug":"paginas-web-en-aguascalientes","status":"publish","type":"page","link":"https:\/\/soltuin.com\/es\/paginas-web-en-aguascalientes\/","title":{"rendered":"Dise\u00f1o de p\u00e1ginas web en Aguascalientes"},"content":{"rendered":"<p>[et_pb_section fb_built=&#8221;1&#8243; fullwidth=&#8221;on&#8221; _builder_version=&#8221;4.2.2&#8243; background_color=&#8221;#02648e&#8221; background_image=&#8221;https:\/\/soltuin.com\/wp-content\/uploads\/2019\/10\/arachnid-close-up-cobweb.jpg&#8221; background_blend=&#8221;soft-light&#8221; width_tablet=&#8221;&#8221; width_phone=&#8221;&#8221; width_last_edited=&#8221;on|phone&#8221; max_width_tablet=&#8221;&#8221; max_width_phone=&#8221;&#8221; max_width_last_edited=&#8221;on|phone&#8221; custom_margin_last_edited=&#8221;off|phone&#8221; bottom_divider_color=&#8221;#02648e&#8221; bottom_divider_height=&#8221;52px&#8221; hover_enabled=&#8221;0&#8243; sticky_enabled=&#8221;0&#8243;][et_pb_fullwidth_header title=&#8221;Dise\u00f1o de P\u00e1ginas Web en Aguascalientes&#8221; subhead=&#8221;Hacemos de tu sitio web una herramienta de ventas&#8221; text_orientation=&#8221;center&#8221; header_fullscreen=&#8221;on&#8221; button_one_text=&#8221;\u00a1Haz click para cotizar!&#8221; button_one_url=&#8221;\/es\/contacto\/&#8221; button_two_url=&#8221;#saber-mas&#8221; content_max_width=&#8221;60%&#8221; content_max_width_tablet=&#8221;&#8221; content_max_width_phone=&#8221;100%&#8221; content_max_width_last_edited=&#8221;on|phone&#8221; _builder_version=&#8221;4.2.2&#8243; title_font=&#8221;|||on|||||&#8221; title_line_height=&#8221;1.7em&#8221; subhead_font=&#8221;|600||on|||||&#8221; subhead_letter_spacing=&#8221;1px&#8221; subhead_line_height=&#8221;2em&#8221; background_color=&#8221;rgba(0,0,0,0.34)&#8221; custom_button_one=&#8221;on&#8221; button_one_text_color=&#8221;#ffffff&#8221; button_one_bg_color=&#8221;#ffc40d&#8221; button_one_border_color=&#8221;#ffc40d&#8221; button_one_use_icon=&#8221;off&#8221; max_height=&#8221;50vw&#8221; max_height_tablet=&#8221;&#8221; max_height_phone=&#8221;&#8221; max_height_last_edited=&#8221;on|phone&#8221; custom_padding=&#8221;0px||||false|false&#8221; custom_padding_tablet=&#8221;&#8221; custom_padding_phone=&#8221;0px|0px|0px|0px|true|true&#8221; custom_padding_last_edited=&#8221;on|phone&#8221; title_font_size_tablet=&#8221;&#8221; title_font_size_phone=&#8221;24px&#8221; title_font_size_last_edited=&#8221;on|phone&#8221; button_one_bg_color__hover_enabled=&#8221;on|desktop&#8221; button_one_bg_color__hover=&#8221;#049ed9&#8243; button_one_bg_enable_color__hover=&#8221;on&#8221; button_one_border_color__hover_enabled=&#8221;on|desktop&#8221; button_one_border_color__hover=&#8221;#049ed9&#8243;]<\/p>\n<p>Un sitio web es una herramienta de marketing. Esta hecho para vender. Nosotros lo entendemos y te ayudamos a lograrlo.\u00a0<\/p>\n<p>Somos dise\u00f1adores y desarrolladores de p\u00e1ginas web en Aguascalientes.<\/p>\n<p>[\/et_pb_fullwidth_header][\/et_pb_section][et_pb_section fb_built=&#8221;1&#8243; _builder_version=&#8221;3.29.3&#8243; max_width_tablet=&#8221;&#8221; max_width_phone=&#8221;90%&#8221; max_width_last_edited=&#8221;on|phone&#8221; module_alignment=&#8221;center&#8221; custom_padding=&#8221;41px|||||&#8221;][et_pb_row _builder_version=&#8221;3.29.3&#8243;][et_pb_column type=&#8221;4_4&#8243; _builder_version=&#8221;3.29.3&#8243;][et_pb_text ol_item_indent=&#8221;20px&#8221; _builder_version=&#8221;4.0.2&#8243; ol_line_height=&#8221;2em&#8221; header_2_letter_spacing=&#8221;1px&#8221; header_2_line_height=&#8221;1.7em&#8221;]<\/p>\n<h2>Dise\u00f1amos tu sitio web en Aguascalientes<\/h2>\n<p>Antes de hacer cualquier p\u00e1gina web debemos entender la finalidad. Existen sitios web que son solamente para mantener una prescencia en l\u00ednea y otros, la mayor\u00eda, son para vender, ya sea obteniendo prospectos de venta o para vender en l\u00ednea con una tienda eCommerce.<\/p>\n<p>Sea cual sea tu necesidad, nosotros traducimos tus necesidades en un sitio que convierta. \u00bfConvierta? Si, que conviertas un visitante en cliente. Para ello aplicamos las mejores pr\u00e1cticas de UX en el dise\u00f1o y desarrollo del sitio web, es decir la mejor experiencia de usuario.<\/p>\n<p>Nuestra meta es que tu sitio haga lo siguiente:<\/p>\n<ol>\n<li>Atraer gente a tu sitio web.<\/li>\n<li>Mantener a las personas dentro del sitio.<\/li>\n<li>Hacer que los visitantes conviertan o hagan una acci\u00f3n de valor que deseas que hagan en tu sitio.<\/li>\n<\/ol>\n<p>[\/et_pb_text][\/et_pb_column][\/et_pb_row][\/et_pb_section][et_pb_section fb_built=&#8221;1&#8243; _builder_version=&#8221;4.0.2&#8243; background_enable_color=&#8221;off&#8221; use_background_color_gradient=&#8221;on&#8221; background_color_gradient_start=&#8221;#02648e&#8221; background_color_gradient_end=&#8221;#049ed9&#8243; background_color_gradient_direction=&#8221;178deg&#8221;][et_pb_row column_structure=&#8221;1_2,1_2&#8243; _builder_version=&#8221;3.29.3&#8243;][et_pb_column type=&#8221;1_2&#8243; _builder_version=&#8221;3.29.3&#8243;][et_pb_image src=&#8221;https:\/\/soltuin.com\/wp-content\/uploads\/2019\/10\/foto-creatividad-300&#215;201.jpg&#8221; alt=&#8221;Auditor\u00eda web en M\u00e9xico por Soltuin&#8221; align=&#8221;center&#8221; _builder_version=&#8221;4.0.2&#8243; border_radii=&#8221;on|5px|5px|5px|5px&#8221; border_color_right=&#8221;#ffc40d&#8221; border_color_bottom=&#8221;#ffc40d&#8221; box_shadow_style=&#8221;preset6&#8243;][\/et_pb_image][et_pb_text _builder_version=&#8221;4.0.2&#8243; header_3_font=&#8221;|||on|||||&#8221; header_3_text_align=&#8221;center&#8221; header_3_text_color=&#8221;#ffffff&#8221; header_3_font_size=&#8221;20px&#8221;]<\/p>\n<h3>Convertimos tu idea en realidad<\/h3>\n<p>[\/et_pb_text][\/et_pb_column][et_pb_column type=&#8221;1_2&#8243; _builder_version=&#8221;3.29.3&#8243;][et_pb_image src=&#8221;https:\/\/soltuin.com\/wp-content\/uploads\/2019\/10\/paginas-responsivas-layout-300&#215;210.png&#8221; alt=&#8221;Informa de auditor\u00eda web en M\u00e9xico por Soltuin&#8221; align=&#8221;center&#8221; _builder_version=&#8221;4.0.2&#8243; border_radii=&#8221;on|5px|5px|5px|5px&#8221; border_color_right=&#8221;#ffc40d&#8221; border_color_bottom=&#8221;#ffc40d&#8221; box_shadow_style=&#8221;preset6&#8243;][\/et_pb_image][et_pb_text _builder_version=&#8221;4.0.2&#8243; header_3_font=&#8221;|||on|||||&#8221; header_3_text_align=&#8221;center&#8221; header_3_text_color=&#8221;#ffffff&#8221; header_3_font_size=&#8221;20px&#8221;]<\/p>\n<h3>Dise\u00f1o Responsivo<\/h3>\n<p>[\/et_pb_text][\/et_pb_column][\/et_pb_row][\/et_pb_section][et_pb_section fb_built=&#8221;1&#8243; admin_label=&#8221;Rendimiento&#8221; _builder_version=&#8221;3.29.3&#8243; background_color=&#8221;#ffffff&#8221; max_width_tablet=&#8221;&#8221; max_width_phone=&#8221;90%&#8221; max_width_last_edited=&#8221;on|phone&#8221; module_alignment=&#8221;center&#8221;][et_pb_row _builder_version=&#8221;4.0.2&#8243;][et_pb_column type=&#8221;4_4&#8243; _builder_version=&#8221;4.0.2&#8243;][et_pb_text _builder_version=&#8221;4.0.2&#8243; header_2_font_size_tablet=&#8221;&#8221; header_2_font_size_phone=&#8221;&#8221; header_2_font_size_last_edited=&#8221;on|phone&#8221;]<\/p>\n<h2 style=\"text-align: center;\">Servicios de Dise\u00f1o y Desarrollo Web en Aguascalientes<\/h2>\n<p>[\/et_pb_text][\/et_pb_column][\/et_pb_row][et_pb_row column_structure=&#8221;1_2,1_2&#8243; _builder_version=&#8221;3.29.3&#8243;][et_pb_column type=&#8221;1_2&#8243; _builder_version=&#8221;3.29.3&#8243;][et_pb_blurb title=&#8221;Dise\u00f1o de p\u00e1ginas web&#8221; image=&#8221;https:\/\/soltuin.com\/wp-content\/uploads\/2019\/11\/construccion-de-pagina-web-300&#215;200.jpg&#8221; alt=&#8221;Construcci\u00f3n de p\u00e1gina web&#8221; module_class=&#8221;sol-blurb&#8221; _builder_version=&#8221;4.2.2&#8243; header_level=&#8221;h2&#8243; header_text_align=&#8221;center&#8221; hover_enabled=&#8221;0&#8243; border_radii_image=&#8221;on|5px|5px|5px|5px&#8221; sticky_enabled=&#8221;0&#8243;]<\/p>\n<p>Tu sitio web ser\u00e1 atractivo. Hecho para atraer visitantes e invitando a que te contacten tanto desde su computadora, laptop o celular.<\/p>\n<p>[\/et_pb_blurb][\/et_pb_column][et_pb_column type=&#8221;1_2&#8243; _builder_version=&#8221;3.29.3&#8243;][et_pb_blurb title=&#8221;POsicionamiento web&#8221; image=&#8221;https:\/\/soltuin.com\/wp-content\/uploads\/2019\/11\/search-engine-optimization-areas-300&#215;200.jpg&#8221; alt=&#8221;Posicionamiento web con SEO&#8221; module_class=&#8221;sol-blurb&#8221; _builder_version=&#8221;4.2.2&#8243; header_level=&#8221;h2&#8243; header_text_align=&#8221;center&#8221; child_filter_sepia=&#8221;60%&#8221; border_radii_image=&#8221;on|5px|5px|5px|5px&#8221; border_color_all_image=&#8221;#049ed9&#8243; box_shadow_style_image=&#8221;preset6&#8243; box_shadow_color_image=&#8221;#02648e&#8221;]<\/p>\n<p>Tu p\u00e1ginas web deben ser encontradas para que tengas tr\u00e1fico. Nosotros te ayudamos a posicionarlas.<\/p>\n<p>[\/et_pb_blurb][\/et_pb_column][\/et_pb_row][et_pb_row column_structure=&#8221;1_2,1_2&#8243; _builder_version=&#8221;3.29.3&#8243;][et_pb_column type=&#8221;1_2&#8243; _builder_version=&#8221;3.29.3&#8243;][et_pb_blurb title=&#8221;Tiendas en l\u00ednea&#8221; image=&#8221;https:\/\/soltuin.com\/wp-content\/uploads\/2019\/11\/tienda-en-linea-300&#215;211.jpg&#8221; alt=&#8221;desarrollo de tienda en l\u00ednea&#8221; module_class=&#8221;sol-blurb&#8221; _builder_version=&#8221;4.2.2&#8243; header_level=&#8221;h2&#8243; header_text_align=&#8221;center&#8221; border_radii_image=&#8221;on|5px|5px|5px|5px&#8221;]<\/p>\n<p>Te ayudamos a vender en l\u00ednea. Somos expertos en WooCommerce, la plataforma gratuita para vender en l\u00ednea.<\/p>\n<p>Te ayudamos a vender en l\u00ednea aceptando diferentes m\u00e9todos de pago como PayPal, Tarjetas de cr\u00e9dito, Efectivo o SPEI.<\/p>\n<p>[\/et_pb_blurb][\/et_pb_column][et_pb_column type=&#8221;1_2&#8243; _builder_version=&#8221;3.29.3&#8243;][et_pb_blurb title=&#8221;Desarrollo WordPress&#8221; image=&#8221;https:\/\/soltuin.com\/wp-content\/uploads\/2019\/11\/wordpress-logo-navegando-300&#215;200.jpg&#8221; alt=&#8221;desarrollo con WordPress&#8221; module_class=&#8221;sol-blurb&#8221; _builder_version=&#8221;4.2.2&#8243; header_level=&#8221;h2&#8243; header_text_align=&#8221;center&#8221; border_radii_image=&#8221;on|5px|5px|5px|5px&#8221;]<\/p>\n<p>Te ayudamos a navegar en WordPress.<\/p>\n<p>Somos capacitadores y hacemos implementaciones en WordPress.<\/p>\n<p>\u00bfNecesitas una funcionalidad nueva? Existen much\u00edsimos plugins y temas para WordPress, no todos son seguros o confiables. Cont\u00e1ctanos para asesorarte.<\/p>\n<p>[\/et_pb_blurb][\/et_pb_column][\/et_pb_row][\/et_pb_section][et_pb_section fb_built=&#8221;1&#8243; _builder_version=&#8221;4.0.2&#8243; background_color=&#8221;#f7f7f7&#8243; max_width_tablet=&#8221;&#8221; max_width_phone=&#8221;90%&#8221; max_width_last_edited=&#8221;on|phone&#8221; module_alignment=&#8221;center&#8221;][et_pb_row _builder_version=&#8221;4.0.2&#8243;][et_pb_column type=&#8221;4_4&#8243; _builder_version=&#8221;4.0.2&#8243;][et_pb_text _builder_version=&#8221;4.0.2&#8243;]<\/p>\n<h2 style=\"text-align: center;\">\u00bfQu\u00e9 incluye tu sitio web?<\/h2>\n<p>[\/et_pb_text][\/et_pb_column][\/et_pb_row][et_pb_row column_structure=&#8221;1_2,1_2&#8243; _builder_version=&#8221;4.2.2&#8243; width_tablet=&#8221;&#8221; width_phone=&#8221;100%&#8221; width_last_edited=&#8221;on|phone&#8221; module_alignment=&#8221;center&#8221; custom_padding=&#8221;|3%||3%|false|true&#8221;][et_pb_column type=&#8221;1_2&#8243; _builder_version=&#8221;3.29.3&#8243;][et_pb_blurb title=&#8221;Dise\u00f1o web&#8221; image=&#8221;https:\/\/soltuin.com\/wp-content\/uploads\/2019\/11\/diseno-pagina-web-aguascalientes-300&#215;212.png&#8221; alt=&#8221;Dise\u00f1o de p\u00e1gina web en Aguascalientes&#8221; icon_placement=&#8221;left&#8221; _builder_version=&#8221;4.0.2&#8243;]<\/p>\n<p>Usamos las mejores pr\u00e1cticas de UI y UX. Siempre en b\u00fasqueda de cautivar al usuario creando <strong>sitios visualmente atractivos y funcionales<\/strong>.<\/p>\n<p>[\/et_pb_blurb][et_pb_blurb title=&#8221;Google Maps&#8221; use_icon=&#8221;on&#8221; font_icon=&#8221;%%124%%&#8221; icon_placement=&#8221;left&#8221; _builder_version=&#8221;4.0.2&#8243;]<\/p>\n<p>Tus visitantes podr\u00e1n ir a tu ubicaci\u00f3n f\u00edsica a trav\u00e9s de Google Maps.<\/p>\n<p>[\/et_pb_blurb][\/et_pb_column][et_pb_column type=&#8221;1_2&#8243; _builder_version=&#8221;3.29.3&#8243;][et_pb_blurb title=&#8221;Formulario de contacto&#8221; image=&#8221;https:\/\/soltuin.com\/wp-content\/uploads\/2019\/11\/email-sign-up.png&#8221; alt=&#8221;Formulario de contacto por correo electr\u00f3nico en Aguascalientes&#8221; icon_placement=&#8221;left&#8221; _builder_version=&#8221;4.2.2&#8243;]<\/p>\n<p>Formulario de contacto y\/o newsletter sign up para capturar correos electr\u00f3nicos y crear campa\u00f1as de email marketing.<\/p>\n<p>[\/et_pb_blurb][et_pb_blurb title=&#8221;Google Analytics&#8221; image=&#8221;https:\/\/soltuin.com\/wp-content\/uploads\/2019\/11\/pagina-web-y-ventas.png&#8221; alt=&#8221;Google Analytics para tu sitio web&#8221; icon_placement=&#8221;left&#8221; _builder_version=&#8221;4.0.2&#8243;]<\/p>\n<p>Toma decisiones basadas en datos. Con Google Analytics conectado a tu sitio tendr\u00e1s toda la informaci\u00f3n de tr\u00e1fico, perfil de usuarios y metas dentro de tu sitio.<\/p>\n<p>[\/et_pb_blurb][\/et_pb_column][\/et_pb_row][\/et_pb_section][et_pb_section fb_built=&#8221;1&#8243; fullwidth=&#8221;on&#8221; _builder_version=&#8221;4.0.2&#8243;][et_pb_fullwidth_header title=&#8221;\u00a1Cotiza tu sitio web en Aguascalientes hoy!&#8221; text_orientation=&#8221;center&#8221; button_one_text=&#8221;Cotizar&#8221; button_one_url=&#8221;\/es\/contacto&#8221; _builder_version=&#8221;4.2.2&#8243; title_level=&#8221;h2&#8243; title_font=&#8221;|||on|||||&#8221; title_text_color=&#8221;#ffffff&#8221; background_color=&#8221;#02648e&#8221; custom_button_one=&#8221;on&#8221; button_one_text_size=&#8221;20px&#8221; button_one_text_color=&#8221;#ffffff&#8221; button_one_bg_color=&#8221;#e02b20&#8243; button_one_border_width=&#8221;2px&#8221; button_one_border_color=&#8221;#e02b20&#8243; button_one_letter_spacing=&#8221;2px&#8221; button_one_font=&#8221;|||on|||||&#8221; button_one_icon=&#8221;%%117%%&#8221; module_alignment=&#8221;center&#8221; min_height=&#8221;40vh&#8221;][\/et_pb_fullwidth_header][\/et_pb_section][et_pb_section fb_built=&#8221;1&#8243; admin_label=&#8221;FAQ&#8221; _builder_version=&#8221;3.22&#8243;][et_pb_row _builder_version=&#8221;3.25&#8243; custom_padding=&#8221;|||&#8221;][et_pb_column type=&#8221;4_4&#8243; _builder_version=&#8221;3.25&#8243; custom_padding=&#8221;|||&#8221; custom_padding__hover=&#8221;|||&#8221;][et_pb_text _builder_version=&#8221;3.27.4&#8243; text_font=&#8221;||||||||&#8221; header_font=&#8221;||||||||&#8221; header_2_font=&#8221;|600||on|||||&#8221; header_2_text_color=&#8221;#049ed9&#8243; header_2_font_size=&#8221;16px&#8221; header_2_letter_spacing=&#8221;3px&#8221; header_2_line_height=&#8221;1.8em&#8221; header_3_font=&#8221;||||||||&#8221;]<\/p>\n<h2>Preguntas Frecuentes<\/h2>\n<p>[\/et_pb_text][\/et_pb_column][\/et_pb_row][et_pb_row column_structure=&#8221;1_2,1_2&#8243; _builder_version=&#8221;3.25&#8243;][et_pb_column type=&#8221;1_2&#8243; _builder_version=&#8221;3.25&#8243; custom_padding=&#8221;|||&#8221; custom_padding__hover=&#8221;|||&#8221;][et_pb_toggle title=&#8221;\u00bfCu\u00e1nto tardan en construir mi sitio web?&#8221; closed_toggle_background_color=&#8221;rgba(0,0,0,0)&#8221; icon_color=&#8221;#ffc40d&#8221; _builder_version=&#8221;3.17.6&#8243; title_text_color=&#8221;#000000&#8243; title_font=&#8221;Lato|700||on|||||&#8221; title_font_size=&#8221;12px&#8221; title_letter_spacing=&#8221;3px&#8221; title_line_height=&#8221;2em&#8221; body_font=&#8221;||||||||&#8221; body_line_height=&#8221;1.8em&#8221; custom_margin=&#8221;||20px|&#8221; animation_direction=&#8221;left&#8221;]Tipicamente de 4 a 6 semanas. Depende del estilo, dise\u00f1o y contenido.[\/et_pb_toggle][et_pb_toggle title=&#8221;\u00bfUtilizan WordPress?&#8221; closed_toggle_background_color=&#8221;rgba(0,0,0,0)&#8221; icon_color=&#8221;#ffc40d&#8221; _builder_version=&#8221;3.17.6&#8243; title_text_color=&#8221;#000000&#8243; title_font=&#8221;Lato|700||on|||||&#8221; title_font_size=&#8221;12px&#8221; title_letter_spacing=&#8221;3px&#8221; title_line_height=&#8221;2em&#8221; body_font=&#8221;||||||||&#8221; body_line_height=&#8221;1.8em&#8221; custom_margin=&#8221;||20px|&#8221; animation_direction=&#8221;left&#8221;]\u00a1Si! Usamos la herramienta \u00f3ptima para el trabajo deseado. Si necesitas un Sistema de Administraci\u00f3n de Contenidos (CMS por sus siglas en ingl\u00e9s), WordPress es la herramienta que usamos. Conocemos todos los aspectos de la plataforma y podemos personalizar temas y plugins tambi\u00e9n.[\/et_pb_toggle][et_pb_toggle title=&#8221;Quiero actualizar mi sitio web existente. \u00bfPueden ayudarme?&#8221; closed_toggle_background_color=&#8221;rgba(0,0,0,0)&#8221; icon_color=&#8221;#ffc40d&#8221; _builder_version=&#8221;3.17.6&#8243; title_text_color=&#8221;#000000&#8243; title_font=&#8221;Lato|700||on|||||&#8221; title_font_size=&#8221;12px&#8221; title_letter_spacing=&#8221;3px&#8221; title_line_height=&#8221;2em&#8221; body_font=&#8221;||||||||&#8221; body_line_height=&#8221;1.8em&#8221; custom_margin=&#8221;||20px|&#8221; animation_direction=&#8221;left&#8221;]Si, pero hay que definir el alcance. Actualizar un sitio puede significar solo cambiar unos textos o agregar secciones, funcionalidad o p\u00e1ginas nuevas. A veces los sitios necesitan actualizaciones mucho m\u00e1s avanzadas. En el caso de WordPress, es necesario actualizar de manera regular los plugins y temas para mantener un nivel de seguridad y rendimiento adecuados. Cont\u00e1ctanos y te asesoramos sobre lo que necesita tu sitio para actualizarlo.[\/et_pb_toggle][\/et_pb_column][et_pb_column type=&#8221;1_2&#8243; _builder_version=&#8221;3.25&#8243; custom_padding=&#8221;|||&#8221; custom_padding__hover=&#8221;|||&#8221;][et_pb_toggle title=&#8221;\u00bfMe pueden ayudar a configurar mi ambiente de hosting?&#8221; closed_toggle_background_color=&#8221;rgba(0,0,0,0)&#8221; icon_color=&#8221;#ffc40d&#8221; _builder_version=&#8221;3.17.6&#8243; title_text_color=&#8221;#000000&#8243; title_font=&#8221;Lato|700||on|||||&#8221; title_font_size=&#8221;12px&#8221; title_letter_spacing=&#8221;3px&#8221; title_line_height=&#8221;2em&#8221; body_font=&#8221;||||||||&#8221; body_line_height=&#8221;1.8em&#8221; custom_margin=&#8221;||20px|&#8221; animation_direction=&#8221;left&#8221;]\u00a1Claro! Tenemos mucha experiencia trabajando con servidores y con sistemas en la nube. Te ayudamos a configurar GoDaddy, Hostgator o incluso tu propio servidor en AWS o Google Cloud.[\/et_pb_toggle][et_pb_toggle title=&#8221;\u00bfMi sitio web funcionar\u00e1 bien en tel\u00e9fonos celulares y tabletas?&#8221; closed_toggle_background_color=&#8221;rgba(0,0,0,0)&#8221; icon_color=&#8221;#ffc40d&#8221; _builder_version=&#8221;3.17.6&#8243; title_text_color=&#8221;#000000&#8243; title_font=&#8221;Lato|700||on|||||&#8221; title_font_size=&#8221;12px&#8221; title_letter_spacing=&#8221;3px&#8221; title_line_height=&#8221;2em&#8221; body_font=&#8221;||||||||&#8221; body_line_height=&#8221;1.8em&#8221; custom_margin=&#8221;||20px|&#8221; animation_direction=&#8221;left&#8221;]\u00a1Seguro! el 70% de los usuarios de internet acceden usando su celular. \u00a1Los sitios responsivos son obligatorios!<\/p>\n<p>Todos nuestros sitios son responsivos, es decir adaptan el contenido a cualquier tama\u00f1o de pantalla desde tel\u00e9fonos m\u00f3viles, tablets y computadoras.[\/et_pb_toggle][et_pb_toggle title=&#8221;Tengo una agencia y necesito colaboradores. \u00bfPueden ayudar?&#8221; closed_toggle_background_color=&#8221;rgba(0,0,0,0)&#8221; icon_color=&#8221;#ffc40d&#8221; _builder_version=&#8221;3.17.6&#8243; title_text_color=&#8221;#000000&#8243; title_font=&#8221;Lato|700||on|||||&#8221; title_font_size=&#8221;12px&#8221; title_letter_spacing=&#8221;3px&#8221; title_line_height=&#8221;2em&#8221; body_font=&#8221;||||||||&#8221; body_line_height=&#8221;1.8em&#8221; custom_margin=&#8221;||20px|&#8221; animation_direction=&#8221;left&#8221; locked=&#8221;off&#8221;]La respuesta simple es si. Trabajamos con agencias cuando les falta personal para un proyecto o cuando buscan colaboraci\u00f3n a largo plazo en ejecuci\u00f3n de proyectos. Ll\u00e1manos e intentaremos ayudarte de la mejor manera.[\/et_pb_toggle][\/et_pb_column][\/et_pb_row][\/et_pb_section]<\/p>\n","protected":false},"excerpt":{"rendered":"<p>Un sitio web es una herramienta de marketing. Esta hecho para vender. Nosotros lo entendemos y te ayudamos a lograrlo.\u00a0 Somos dise\u00f1adores y desarrolladores de p\u00e1ginas web en Aguascalientes.Dise\u00f1amos tu sitio web en Aguascalientes Antes de hacer cualquier p\u00e1gina web debemos entender la finalidad. Existen sitios web que son solamente para mantener una prescencia en [&hellip;]<\/p>\n","protected":false},"author":2,"featured_media":922,"parent":0,"menu_order":0,"comment_status":"closed","ping_status":"closed","template":"","meta":{"_et_pb_use_builder":"on","_et_pb_old_content":"","_et_gb_content_width":"","footnotes":""},"class_list":["post-907","page","type-page","status-publish","has-post-thumbnail","hentry"],"_links":{"self":[{"href":"https:\/\/soltuin.com\/es\/wp-json\/wp\/v2\/pages\/907","targetHints":{"allow":["GET"]}}],"collection":[{"href":"https:\/\/soltuin.com\/es\/wp-json\/wp\/v2\/pages"}],"about":[{"href":"https:\/\/soltuin.com\/es\/wp-json\/wp\/v2\/types\/page"}],"author":[{"embeddable":true,"href":"https:\/\/soltuin.com\/es\/wp-json\/wp\/v2\/users\/2"}],"replies":[{"embeddable":true,"href":"https:\/\/soltuin.com\/es\/wp-json\/wp\/v2\/comments?post=907"}],"version-history":[{"count":0,"href":"https:\/\/soltuin.com\/es\/wp-json\/wp\/v2\/pages\/907\/revisions"}],"wp:featuredmedia":[{"embeddable":true,"href":"https:\/\/soltuin.com\/es\/wp-json\/wp\/v2\/media\/922"}],"wp:attachment":[{"href":"https:\/\/soltuin.com\/es\/wp-json\/wp\/v2\/media?parent=907"}],"curies":[{"name":"wp","href":"https:\/\/api.w.org\/{rel}","templated":true}]}}