{"id":965,"date":"2019-11-01T16:57:02","date_gmt":"2019-11-01T22:57:02","guid":{"rendered":"https:\/\/soltuin.com\/?page_id=965"},"modified":"2020-02-07T12:58:41","modified_gmt":"2020-02-07T18:58:41","slug":"gracias-por-contactarnos","status":"publish","type":"page","link":"https:\/\/soltuin.com\/es\/gracias-por-contactarnos\/","title":{"rendered":"Gracias por contactarnos"},"content":{"rendered":"<p>[et_pb_section fb_built=&#8221;1&#8243; admin_label=&#8221;section&#8221; _builder_version=&#8221;3.22&#8243; custom_padding=&#8221;||0px|||&#8221;][et_pb_row admin_label=&#8221;row&#8221; _builder_version=&#8221;3.25&#8243; background_size=&#8221;initial&#8221; background_position=&#8221;top_left&#8221; background_repeat=&#8221;repeat&#8221;][et_pb_column type=&#8221;4_4&#8243; _builder_version=&#8221;3.25&#8243; custom_padding=&#8221;|||&#8221; custom_padding__hover=&#8221;|||&#8221;][et_pb_text _builder_version=&#8221;4.0.2&#8243; header_text_align=&#8221;center&#8221; text_orientation=&#8221;center&#8221;]<\/p>\n<h1>\u00a1Gracias por contactarnos!<\/h1>\n<p>Nos pondremos en contacto contigo en breve.<\/p>\n<p>Si necesitas contactarnos pronto, puedes llamarnos por tel\u00e9fono.\u00a0<\/p>\n<p>[\/et_pb_text][\/et_pb_column][\/et_pb_row][\/et_pb_section][et_pb_section fb_built=&#8221;1&#8243; _builder_version=&#8221;4.0.2&#8243; custom_padding=&#8221;0px||0px|||&#8221;][et_pb_row column_structure=&#8221;1_2,1_2&#8243; _builder_version=&#8221;4.0.2&#8243;][et_pb_column type=&#8221;1_2&#8243; _builder_version=&#8221;4.0.2&#8243;][et_pb_blurb title=&#8221;<a href=%22tel:+524493892144%22>+52 (449) 389-2144<\/a>&#8221; use_icon=&#8221;on&#8221; font_icon=&#8221;%%264%%&#8221; icon_color=&#8221;#ffffff&#8221; use_circle=&#8221;on&#8221; icon_placement=&#8221;left&#8221; content_max_width=&#8221;300px&#8221; _builder_version=&#8221;4.0.2&#8243;][\/et_pb_blurb][\/et_pb_column][et_pb_column type=&#8221;1_2&#8243; _builder_version=&#8221;4.0.2&#8243;][et_pb_blurb title=&#8221;<a href=%22mailto:info@soltuin.com%22>info@soltuin.com<\/a>&#8221; use_icon=&#8221;on&#8221; font_icon=&#8221;%%238%%&#8221; icon_color=&#8221;#ffffff&#8221; use_circle=&#8221;on&#8221; icon_placement=&#8221;left&#8221; content_max_width=&#8221;300px&#8221; _builder_version=&#8221;4.0.2&#8243;][\/et_pb_blurb][\/et_pb_column][\/et_pb_row][\/et_pb_section][et_pb_section fb_built=&#8221;1&#8243; fullwidth=&#8221;on&#8221; _builder_version=&#8221;4.0.2&#8243;][et_pb_fullwidth_header title=&#8221;\u00bfTe interesa un Auditor\u00eda web?&#8221; subhead=&#8221;Conoce que le falta a tu sitio web para generar tr\u00e1fico y ventas.&#8221; text_orientation=&#8221;center&#8221; button_one_text=&#8221;Conoce m\u00e1s aqu\u00ed&#8221; button_one_url=&#8221;\/es\/auditoria-web-en-mexico\/&#8221; _builder_version=&#8221;4.0.2&#8243; title_level=&#8221;h2&#8243; custom_button_one=&#8221;on&#8221; button_one_bg_color=&#8221;#ffc40d&#8221; button_one_border_color=&#8221;#ffc40d&#8221;][\/et_pb_fullwidth_header][\/et_pb_section]<\/p>\n","protected":false},"excerpt":{"rendered":"<p>\u00a1Gracias por contactarnos! Nos pondremos en contacto contigo en breve. Si necesitas contactarnos pronto, puedes llamarnos por tel\u00e9fono.\u00a0<\/p>\n","protected":false},"author":2,"featured_media":0,"parent":0,"menu_order":0,"comment_status":"closed","ping_status":"closed","template":"","meta":{"_et_pb_use_builder":"on","_et_pb_old_content":"","_et_gb_content_width":"","footnotes":""},"class_list":["post-965","page","type-page","status-publish","hentry"],"_links":{"self":[{"href":"https:\/\/soltuin.com\/es\/wp-json\/wp\/v2\/pages\/965","targetHints":{"allow":["GET"]}}],"collection":[{"href":"https:\/\/soltuin.com\/es\/wp-json\/wp\/v2\/pages"}],"about":[{"href":"https:\/\/soltuin.com\/es\/wp-json\/wp\/v2\/types\/page"}],"author":[{"embeddable":true,"href":"https:\/\/soltuin.com\/es\/wp-json\/wp\/v2\/users\/2"}],"replies":[{"embeddable":true,"href":"https:\/\/soltuin.com\/es\/wp-json\/wp\/v2\/comments?post=965"}],"version-history":[{"count":0,"href":"https:\/\/soltuin.com\/es\/wp-json\/wp\/v2\/pages\/965\/revisions"}],"wp:attachment":[{"href":"https:\/\/soltuin.com\/es\/wp-json\/wp\/v2\/media?parent=965"}],"curies":[{"name":"wp","href":"https:\/\/api.w.org\/{rel}","templated":true}]}}